{"id":8769,"date":"2020-11-03T14:47:23","date_gmt":"2020-11-03T11:47:23","guid":{"rendered":"https:\/\/clio.toffi-design.com\/shop\/fara-categorie\/mousse-de-gel-de-spalare-pentru-pielea-normala-pana-la-cea-mixta\/"},"modified":"2020-11-03T14:47:23","modified_gmt":"2020-11-03T11:47:23","slug":"mousse-de-gel-de-spalare-pentru-pielea-normala-pana-la-cea-mixta","status":"publish","type":"product","link":"https:\/\/clio.toffi-design.com\/ro\/shop\/produse-cosmetice-pentru-par\/colorare\/mousse-de-gel-de-spalare-pentru-pielea-normala-pana-la-cea-mixta\/","title":{"rendered":"Mousse de gel de sp\u0103lare pentru pielea normal\u0103 p\u00e2n\u0103 la cea mixt\u0103"},"content":{"rendered":"<p>\u0414\u0435\u043b\u0438\u043a\u0430\u0442\u043d\u043e\u0435 \u0441\u0440\u0435\u0434\u0441\u0442\u0432\u043e \u0434\u043b\u044f \u0443\u043c\u044b\u0432\u0430\u043d\u0438\u044f \u044d\u0444\u0444\u0435\u043a\u0442\u0438\u0432\u043d\u043e \u043e\u0447\u0438\u0449\u0430\u0435\u0442 \u043a\u043e\u0436\u0443 \u043e\u0442 \u043b\u044e\u0431\u044b\u0445 \u0437\u0430\u0433\u0440\u044f\u0437\u043d\u0435\u043d\u0438\u0439 \u0438 \u043c\u0430\u043a\u0438\u044f\u0436\u0430. \u041d\u0435 \u0441\u043e\u0434\u0435\u0440\u0436\u0438\u0442 \u043c\u044b\u043b\u0430 \u0438 \u043d\u0435 \u0441\u0443\u0448\u0438\u0442 \u043a\u043e\u0436\u0443. \u042d\u043a\u0441\u0442\u0440\u0430\u043a\u0442 \u0430\u043b\u043e\u044d \u0432\u0435\u0440\u0430, \u0433\u0438\u0434\u0440\u043e\u043b\u0430\u0442 \u0440\u043e\u0437\u044b \u0438 \u043f\u0430\u043d\u0442\u0435\u043d\u043e\u043b \u0442\u043e\u043d\u0438\u0437\u0438\u0440\u0443\u044e\u0442, \u0443\u0432\u043b\u0430\u0436\u043d\u044f\u044e\u0442 \u0438 \u0443\u043a\u0440\u0435\u043f\u043b\u044f\u044e\u0442 \u0431\u0430\u0440\u044c\u0435\u0440\u043d\u044b\u0435 \u0444\u0443\u043d\u043a\u0446\u0438\u0438 \u043a\u043e\u0436\u0438. \u0412 \u0440\u0435\u0437\u0443\u043b\u044c\u0442\u0430\u0442\u0435<\/p>\n<p>\u0410\u043a\u0442\u0438\u0432\u043d\u0430\u0439 \u043a\u043e\u043c\u043f\u043b\u0435\u043a\u0441: \u0433\u0438\u0434\u0440\u043e\u043b\u0430\u0442 \u0440\u043e\u0437\u044b, \u044d\u043a\u0441\u0442\u0440\u0430\u043a\u0442 \u0430\u043b\u043e\u044d \u0432\u0435\u0440\u0430, D-\u043f\u0430\u043d\u0442\u0435\u043d\u043e\u043b.<\/p>\n<p>\u0421\u043e\u0441\u0442\u0430\u0432 (INCI): AQUA, GLYCERIN, SODIUM LAURETH SULFATE,PEG-7 GLYCERYL COCOATE, COCAMIDOPROPYL BETAINE, COCAMIDE DEA, PEG-120 METHYL GLUCOSE DIOLEATE, ROSE EXTRACT, ALOE VERA GEL, PANTHENOL, PEG-40 HIDROGENATED CASTOR OIL, SODIUM METHIL P-HYDROXYBENZOATE, POLYQUATERNIUM-10 , CITRIC ACID, P\u0410RFUM, METHYLCHLOROISOTHIAZOLINONE (AND) METHYLISOTHIAZOLINONE, SODIUM EDTA<\/p>\n<p>\u0413\u041e\u0421\u0422 31696-2012<br \/>\n\u0421\u0440\u043e\u043a \u0433\u043e\u0434\u043d\u043e\u0441\u0442\u0438 24 \u043c\u0435\u0441\u044f\u0446\u0430<\/p>\n<p>&nbsp;<\/p>\n<p>&nbsp;<\/p>\n","protected":false},"excerpt":{"rendered":"<p>\u0414\u0435\u043b\u0438\u043a\u0430\u0442\u043d\u043e\u0435 \u0441\u0440\u0435\u0434\u0441\u0442\u0432\u043e \u0434\u043b\u044f \u0443\u043c\u044b\u0432\u0430\u043d\u0438\u044f \u044d\u0444\u0444\u0435\u043a\u0442\u0438\u0432\u043d\u043e \u043e\u0447\u0438\u0449\u0430\u0435\u0442 \u043a\u043e\u0436\u0443 \u043e\u0442 \u043b\u044e\u0431\u044b\u0445 \u0437\u0430\u0433\u0440\u044f\u0437\u043d\u0435\u043d\u0438\u0439 \u0438 \u043c\u0430\u043a\u0438\u044f\u0436\u0430. \u041d\u0435 \u0441\u043e\u0434\u0435\u0440\u0436\u0438\u0442 \u043c\u044b\u043b\u0430 \u0438 \u043d\u0435 \u0441\u0443\u0448\u0438\u0442 \u043a\u043e\u0436\u0443. \u042d\u043a\u0441\u0442\u0440\u0430\u043a\u0442 \u0430\u043b\u043e\u044d \u0432\u0435\u0440\u0430, \u0433\u0438\u0434\u0440\u043e\u043b\u0430\u0442 \u0440\u043e\u0437\u044b \u0438 \u043f\u0430\u043d\u0442\u0435\u043d\u043e\u043b \u0442\u043e\u043d\u0438\u0437\u0438\u0440\u0443\u044e\u0442, \u0443\u0432\u043b\u0430\u0436\u043d\u044f\u044e\u0442 \u0438 \u0443\u043a\u0440\u0435\u043f\u043b\u044f\u044e\u0442 \u0431\u0430\u0440\u044c\u0435\u0440\u043d\u044b\u0435 \u0444\u0443\u043d\u043a\u0446\u0438\u0438 \u043a\u043e\u0436\u0438. \u0412 \u0440\u0435\u0437\u0443\u043b\u044c\u0442\u0430\u0442\u0435 \u043a\u043e\u0436\u0430 \u0441\u0442\u0430\u043d\u043e\u0432\u0438\u0442\u0441\u044f \u0438\u0434\u0435\u0430\u043b\u044c\u043d\u043e \u0447\u0438\u0441\u0442\u043e\u0439, \u043d\u0435\u0436\u043d\u043e\u0439 \u0438 \u0433\u043b\u0430\u0434\u043a\u043e\u0439. \u041e\u043d\u0430 \u0441\u0438\u044f\u0435\u0442 \u0441\u0432\u0435\u0436\u0435\u0441\u0442\u044c\u044e \u0438 \u0435\u0441\u0442\u0435\u0441\u0442\u0432\u0435\u043d\u043d\u043e\u0439 \u043a\u0440\u0430\u0441\u043e\u0442\u043e\u0439.<\/p>\n<p><strong>\u041f\u0440\u0438\u043c\u0435\u043d\u0435\u043d\u0438\u0435:<\/strong> \u041d\u0435\u0431\u043e\u043b\u044c\u0448\u043e\u0435 \u043a\u043e\u043b\u0438\u0447\u0435\u0441\u0442\u0432\u043e \u0433\u0435\u043b\u044f \u0440\u0430\u0437\u043e\u0442\u0440\u0438\u0442\u0435 \u0432 \u043b\u0430\u0434\u043e\u043d\u044f\u0445 \u0441 \u043a\u0430\u043f\u043b\u0435\u0439 \u0432\u043e\u0434\u044b \u0434\u043e \u043e\u0431\u0440\u0430\u0437\u043e\u0432\u0430\u043d\u0438\u044f \u043f\u0435\u043d\u043a\u0438 . \u041d\u0430\u043d\u0435\u0441\u0438\u0442\u0435 \u043f\u0435\u043d\u043a\u0443 \u043d\u0430 \u043b\u0438\u0446\u043e, \u043f\u043e\u043c\u0430\u0441\u0441\u0438\u0440\u0443\u0439\u0442\u0435, \u0443\u0434\u0435\u043b\u044f\u044f \u043e\u0441\u043e\u0431\u043e\u0435 \u0432\u043d\u0438\u043c\u0430\u043d\u0438\u0435 \u0441\u0438\u043b\u044c\u043d\u043e \u0437\u0430\u0433\u0440\u044f\u0437\u043d\u0451\u043d\u043d\u044b\u043c \u0443\u0447\u0430\u0441\u0442\u043a\u0430\u043c \u0438 \u0441\u043c\u043e\u0439\u0442\u0435 \u0431\u043e\u043b\u044c\u0448\u0438\u043c \u043a\u043e\u043b\u0438\u0447\u0435\u0441\u0442\u0432\u043e\u043c \u0432\u043e\u0434\u044b. \u0412 \u0437\u0430\u0432\u0435\u0440\u0448\u0435\u043d\u0438\u0438 \u043f\u0440\u043e\u0442\u0440\u0438\u0442\u0435 \u043a\u043e\u0436\u0443 \u0442\u043e\u043d\u0438\u043a\u043e\u043c.<\/p>\n","protected":false},"featured_media":0,"template":"","meta":{"_acf_changed":false,"inline_featured_image":false},"pwb-brand":[406],"product_brand":[],"product_cat":[44,363,27],"product_tag":[],"class_list":{"0":"post-8769","1":"product","2":"type-product","3":"status-publish","5":"pwb-brand-draw-ro","6":"product_cat-colorare","7":"product_cat-depilare-si-terapie-cu-parafina","8":"product_cat-instrumente-ro","10":"first","11":"instock","12":"shipping-taxable","13":"purchasable","14":"product-type-simple"},"acf":[],"brands":[{"id":406,"name":"Draw","slug":"draw-ro"}],"post_mailing_queue_ids":[],"_links":{"self":[{"href":"https:\/\/clio.toffi-design.com\/ro\/wp-json\/wp\/v2\/product\/8769","targetHints":{"allow":["GET"]}}],"collection":[{"href":"https:\/\/clio.toffi-design.com\/ro\/wp-json\/wp\/v2\/product"}],"about":[{"href":"https:\/\/clio.toffi-design.com\/ro\/wp-json\/wp\/v2\/types\/product"}],"wp:attachment":[{"href":"https:\/\/clio.toffi-design.com\/ro\/wp-json\/wp\/v2\/media?parent=8769"}],"wp:term":[{"taxonomy":"pwb-brand","embeddable":true,"href":"https:\/\/clio.toffi-design.com\/ro\/wp-json\/wp\/v2\/pwb-brand?post=8769"},{"taxonomy":"product_brand","embeddable":true,"href":"https:\/\/clio.toffi-design.com\/ro\/wp-json\/wp\/v2\/product_brand?post=8769"},{"taxonomy":"product_cat","embeddable":true,"href":"https:\/\/clio.toffi-design.com\/ro\/wp-json\/wp\/v2\/product_cat?post=8769"},{"taxonomy":"product_tag","embeddable":true,"href":"https:\/\/clio.toffi-design.com\/ro\/wp-json\/wp\/v2\/product_tag?post=8769"}],"curies":[{"name":"wp","href":"https:\/\/api.w.org\/{rel}","templated":true}]}}